{"id":55,"date":"2017-03-21T15:11:34","date_gmt":"2017-03-21T14:11:34","guid":{"rendered":"https:\/\/www.cliccasu.it\/go\/?page_id=55"},"modified":"2017-03-21T19:21:17","modified_gmt":"2017-03-21T18:21:17","slug":"amm-trasparente","status":"publish","type":"page","link":"https:\/\/www.cliccasu.it\/go\/amm-trasparente\/","title":{"rendered":"Amm. Trasparente"},"content":{"rendered":"<h4>Cos\u2019\u00e8 Amministrazione Trasparente?<\/h4>\n<p>Il principio della\u00a0<strong>trasparenza<\/strong>, inteso come \u00abaccessibilit\u00e0 totale\u00bb alle informazioni che riguardano l\u2019organizzazione e l\u2019attivit\u00e0 delle pubbliche amministrazioni, \u00e8 stato affermato con decreto legislativo 14 marzo 2013, n. 33. Obiettivo della norma \u00e8 quello di favorire un controllo diffuso da parte del cittadino sull\u2019operato delle istituzioni e sull\u2019utilizzo delle risorse pubbliche.<\/p>\n<p>In particolare, la pubblicazione dei dati in possesso delle pubbliche amministrazioni intende incentivare la partecipazione dei cittadini per i seguenti scopi:<\/p>\n<ul>\n<li>assicurare la conoscenza dei servizi resi, le caratteristiche quantitative e qualitative, nonch\u00e9 le modalit\u00e0 di erogazione;<\/li>\n<li>prevenire fenomeni corruttivi e promuovere l\u2019integrit\u00e0<\/li>\n<li>sottoporre al controllo diffuso ogni fase del ciclo di gestione della performance per consentirne il miglioramento.<\/li>\n<\/ul>\n<p>I dati personali pubblicati in questa sezione sono riutilizzabili solo alle condizioni previste dalla normativa vigente sul riuso dei dati pubblici (direttiva comunitaria 2003\/98\/CE e\u00a0<a href=\"http:\/\/www.normattiva.it\/uri-res\/N2Ls?urn:nir:stato:decreto.legislativo:2006-01-24;36%21vig=\" target=\"_blank\">d. lgs. 36\/2006<\/a>\u00a0di recepimento della stessa), in termini compatibili con gli scopi per i quali sono stati raccolti e registrati, e nel rispetto della normativa in materia di protezione dei dati personali<\/p>\n<h4>Riferimenti normativi<\/h4>\n<ul>\n<li><a href=\"http:\/\/www.normattiva.it\/uri-res\/N2Ls?urn:nir:stato:legge:2012-11-06;190!vig=2013-10-25\" target=\"_blank\">Legge 6 novembre 2012 , n. 190 \u2013 Disposizioni per la prevenzione e la repressione della corruzione e dell\u2019illegalit\u00e0 nella pubblica amministrazione<\/a><\/li>\n<li><a href=\"http:\/\/www.normattiva.it\/uri-res\/N2Ls?urn:nir:stato:decreto.legislativo:2013-03-14;33!vig=\" target=\"_blank\">Decreto legislativo 14 marzo 2013, n. 33<\/a><\/li>\n<li><a href=\"http:\/\/www.anticorruzione.it\/portal\/public\/classic\/AttivitaAutorita\/AttiDellAutorita\/_Atto?id=06b340010a7780425ec5237d6ee89951\" target=\"_blank\">Delibera CIVIT n.50\/2013<\/a><\/li>\n<li><a href=\"http:\/\/www.anticorruzione.it\/portal\/public\/classic\/AttivitaAutorita\/AttiDellAutorita\/_Atto?ca=6667\" target=\"_blank\">Delibera ANAC n. 1310\/2016<\/a><\/li>\n<\/ul>\n<h4><a href=\"https:\/\/www.cliccasu.it\/go\/contatti\/\">COSA ASPETTI, CHIEDI UNA DEMO\u00a0DI AMMINISTRAZIONE TRASPARENTE<\/a><\/h4>\n","protected":false},"excerpt":{"rendered":"<p>Cos\u2019\u00e8 Amministrazione Trasparente? Il principio della\u00a0trasparenza, inteso come \u00abaccessibilit\u00e0 totale\u00bb alle informazioni che riguardano l\u2019organizzazione e l\u2019attivit\u00e0 delle pubbliche amministrazioni, \u00e8 stato affermato con decreto legislativo 14 marzo 2013, n. 33. Obiettivo della norma&#46;&#46;&#46;<\/p>\n","protected":false},"author":1,"featured_media":0,"parent":0,"menu_order":0,"comment_status":"closed","ping_status":"closed","template":"","meta":{"footnotes":""},"class_list":["post-55","page","type-page","status-publish","hentry"],"_links":{"self":[{"href":"https:\/\/www.cliccasu.it\/go\/wp-json\/wp\/v2\/pages\/55","targetHints":{"allow":["GET"]}}],"collection":[{"href":"https:\/\/www.cliccasu.it\/go\/wp-json\/wp\/v2\/pages"}],"about":[{"href":"https:\/\/www.cliccasu.it\/go\/wp-json\/wp\/v2\/types\/page"}],"author":[{"embeddable":true,"href":"https:\/\/www.cliccasu.it\/go\/wp-json\/wp\/v2\/users\/1"}],"replies":[{"embeddable":true,"href":"https:\/\/www.cliccasu.it\/go\/wp-json\/wp\/v2\/comments?post=55"}],"version-history":[{"count":8,"href":"https:\/\/www.cliccasu.it\/go\/wp-json\/wp\/v2\/pages\/55\/revisions"}],"predecessor-version":[{"id":87,"href":"https:\/\/www.cliccasu.it\/go\/wp-json\/wp\/v2\/pages\/55\/revisions\/87"}],"wp:attachment":[{"href":"https:\/\/www.cliccasu.it\/go\/wp-json\/wp\/v2\/media?parent=55"}],"curies":[{"name":"wp","href":"https:\/\/api.w.org\/{rel}","templated":true}]}}