{"id":51,"date":"2017-03-21T15:11:03","date_gmt":"2017-03-21T14:11:03","guid":{"rendered":"https:\/\/www.cliccasu.it\/go\/?page_id=51"},"modified":"2017-03-21T19:20:09","modified_gmt":"2017-03-21T18:20:09","slug":"servizi","status":"publish","type":"page","link":"https:\/\/www.cliccasu.it\/go\/servizi\/","title":{"rendered":"Servizi"},"content":{"rendered":"<h4>Assistenza Tecnica<\/h4>\n<ul>\n<li>Consulenza GRATUITA per valutazione stato del sistema informativo<\/li>\n<li>Analisi dei Server su piattaforma Microsoft<\/li>\n<li>Analisi dei Client su piattaforma Microsoft<\/li>\n<li>Analisi del Network<\/li>\n<li>Analisi per soluzioni Server di Posta<\/li>\n<li>Interventi tecnico &#8211; sistemistici su piattaforma Microsoft, on-site e da remoto tramite il servizio di TELEASSISTENZA<\/li>\n<li>Contratti di manutenzione annui, personalizzati in base all&#8217;hardware esistente, che non prevedono ALCUNA SPESA per il diritto di chiamata e per il costo orario oltre il canone concordato<\/li>\n<li>Progettazione ed implementazione sistemi informativi su piattaforma Microsoft<\/li>\n<\/ul>\n<h4>Realizzazione Siti Web<\/h4>\n<p>La linea che divide il successo dal fallimento di un sito \u00e8 molto sottile: 15-20 secondi \u00e8 il tempo medio per decidere se navigare nel tuo sito. In questo poco tempo \u00e8 importante trasmettere credibilit\u00e0. Noi sappiamo come fare, mettici alla prova!<\/p>\n<p><img loading=\"lazy\" decoding=\"async\" class=\"alignnone wp-image-65 size-full\" src=\"https:\/\/www.cliccasu.it\/go\/wp-content\/uploads\/servizi_1.jpg\" alt=\"\" width=\"697\" height=\"140\" srcset=\"https:\/\/www.cliccasu.it\/go\/wp-content\/uploads\/servizi_1.jpg 697w, https:\/\/www.cliccasu.it\/go\/wp-content\/uploads\/servizi_1-300x60.jpg 300w\" sizes=\"auto, (max-width: 697px) 100vw, 697px\" \/><\/p>\n<h4>Soluzioni Internet<\/h4>\n<ul>\n<li>creazione di siti web ottimizzati per smartphone e tablet<\/li>\n<li>creazione siti catalogo on line<\/li>\n<li>creazione siti ecommerce<\/li>\n<li>creazione blog aziendali<\/li>\n<li>creazione di newsletter<\/li>\n<\/ul>\n<h4>Soluzioni Internet Marketing<\/h4>\n<ul>\n<li>consulenza web marketing e promozione siti web<\/li>\n<li>servizio di posizionamento sui motori di ricerca<\/li>\n<li>analisi dei competitors on line e della concorrenza<\/li>\n<li>promozione sui social network e social media marketing<\/li>\n<\/ul>\n","protected":false},"excerpt":{"rendered":"<p>Assistenza Tecnica Consulenza GRATUITA per valutazione stato del sistema informativo Analisi dei Server su piattaforma Microsoft Analisi dei Client su piattaforma Microsoft Analisi del Network Analisi per soluzioni Server di Posta Interventi tecnico &#8211;&#46;&#46;&#46;<\/p>\n","protected":false},"author":1,"featured_media":0,"parent":0,"menu_order":0,"comment_status":"closed","ping_status":"closed","template":"","meta":{"footnotes":""},"class_list":["post-51","page","type-page","status-publish","hentry"],"_links":{"self":[{"href":"https:\/\/www.cliccasu.it\/go\/wp-json\/wp\/v2\/pages\/51","targetHints":{"allow":["GET"]}}],"collection":[{"href":"https:\/\/www.cliccasu.it\/go\/wp-json\/wp\/v2\/pages"}],"about":[{"href":"https:\/\/www.cliccasu.it\/go\/wp-json\/wp\/v2\/types\/page"}],"author":[{"embeddable":true,"href":"https:\/\/www.cliccasu.it\/go\/wp-json\/wp\/v2\/users\/1"}],"replies":[{"embeddable":true,"href":"https:\/\/www.cliccasu.it\/go\/wp-json\/wp\/v2\/comments?post=51"}],"version-history":[{"count":6,"href":"https:\/\/www.cliccasu.it\/go\/wp-json\/wp\/v2\/pages\/51\/revisions"}],"predecessor-version":[{"id":85,"href":"https:\/\/www.cliccasu.it\/go\/wp-json\/wp\/v2\/pages\/51\/revisions\/85"}],"wp:attachment":[{"href":"https:\/\/www.cliccasu.it\/go\/wp-json\/wp\/v2\/media?parent=51"}],"curies":[{"name":"wp","href":"https:\/\/api.w.org\/{rel}","templated":true}]}}