{"id":240,"date":"2022-04-09T11:10:48","date_gmt":"2022-04-09T09:10:48","guid":{"rendered":"https:\/\/www.cliccasu.it\/go\/?page_id=240"},"modified":"2023-02-16T23:39:53","modified_gmt":"2023-02-16T22:39:53","slug":"e-commerce","status":"publish","type":"page","link":"https:\/\/www.cliccasu.it\/go\/e-commerce\/","title":{"rendered":"E-Commerce"},"content":{"rendered":"<p><a href=\"https:\/\/www.shopcliccasu.it\" target=\"_blank\" rel=\"noopener\"><img loading=\"lazy\" decoding=\"async\" class=\"aligncenter wp-image-244 size-full\" src=\"https:\/\/www.cliccasu.it\/go\/wp-content\/uploads\/e-commerce.jpg\" alt=\"www.shopcliccasu.it\" width=\"750\" height=\"400\" \/><\/a><strong>ACQUISTA, IN UN CLICK DIRETTAMENTE DA CASA TUA&#8230; &#8230;<\/strong><\/p>\n<p>A disposizione per te tutta la qualit\u00e0 e il risparmio suggellata dal 2011 nel settore dell&#8217;e-commerce by Cliccasu di Del Balso Emidio. Non ci fermiamo nell&#8217;essere un semplice store online, ma vogliamo essere il tuo rivenditore di fiducia, a cui rivolgerti in ogni momento per appagare i tuoi bisogni ovunque tu sia e in qualsiasi momento. Immergiti nel mondo di Cliccasu di Del Balso Emidio, ogni giorno ci impegniamo per rendere la tua esperienza sul sito unica e sempre pi\u00f9 coinvolgente, mettendo a disposizione una miriade di articoli selezionati accuratamente per venire incontro alle tue esigenze in continua evoluzione.<\/p>\n<p>Il nostro e-commerce offre anche un&#8217;ampia selezione di articoli per la tua rete e connessione a internet come ripetitori wifi, modem e router dei migliori brand sul mercato come Asus e Gigabyte. A noi piace alimentare anche le tue passioni e se foto e video sono tra queste potrai scegliere i gadget e gli accessori. E se invece desideri potenziare il tuo pc allora devi consultare il catalogo dedicato all&#8217;informatica.<\/p>\n<p>Acquistare qualit\u00e0 e rivendere fiducia al prezzo pi\u00f9 basso, \u00e8 questo l&#8217;unico ardire che porta noi a ricercare sempre il meglio garantendo il top dei prodotti in commercio a prezzi da urlo! Grazie all&#8217;assistenza clienti analizziamo con cura le richieste per migliorarci e offrirti servizi senza paragoni. Abbiamo una miriade di articoli a disposizione, garantendo un catalogo eterogeneo di prodotti, per le esigenze di tutti. A riprova della nostra seriet\u00e0 e del continuo impegno per rendere i tuoi acquisti unici e indimenticabili.<\/p>\n<p><em><strong>Cosa aspetti&#8230; &#8230;<\/strong><\/em><\/p>\n","protected":false},"excerpt":{"rendered":"<p>ACQUISTA, IN UN CLICK DIRETTAMENTE DA CASA TUA&#8230; &#8230; A disposizione per te tutta la qualit\u00e0 e il risparmio suggellata dal 2011 nel settore dell&#8217;e-commerce by Cliccasu di Del Balso Emidio. Non ci fermiamo&#46;&#46;&#46;<\/p>\n","protected":false},"author":1,"featured_media":0,"parent":0,"menu_order":0,"comment_status":"closed","ping_status":"closed","template":"","meta":{"footnotes":""},"class_list":["post-240","page","type-page","status-publish","hentry"],"_links":{"self":[{"href":"https:\/\/www.cliccasu.it\/go\/wp-json\/wp\/v2\/pages\/240","targetHints":{"allow":["GET"]}}],"collection":[{"href":"https:\/\/www.cliccasu.it\/go\/wp-json\/wp\/v2\/pages"}],"about":[{"href":"https:\/\/www.cliccasu.it\/go\/wp-json\/wp\/v2\/types\/page"}],"author":[{"embeddable":true,"href":"https:\/\/www.cliccasu.it\/go\/wp-json\/wp\/v2\/users\/1"}],"replies":[{"embeddable":true,"href":"https:\/\/www.cliccasu.it\/go\/wp-json\/wp\/v2\/comments?post=240"}],"version-history":[{"count":6,"href":"https:\/\/www.cliccasu.it\/go\/wp-json\/wp\/v2\/pages\/240\/revisions"}],"predecessor-version":[{"id":259,"href":"https:\/\/www.cliccasu.it\/go\/wp-json\/wp\/v2\/pages\/240\/revisions\/259"}],"wp:attachment":[{"href":"https:\/\/www.cliccasu.it\/go\/wp-json\/wp\/v2\/media?parent=240"}],"curies":[{"name":"wp","href":"https:\/\/api.w.org\/{rel}","templated":true}]}}