{"id":17,"date":"2017-03-21T12:41:39","date_gmt":"2017-03-21T11:41:39","guid":{"rendered":"https:\/\/www.cliccasu.it\/go\/?page_id=17"},"modified":"2019-11-08T17:47:14","modified_gmt":"2019-11-08T16:47:14","slug":"cookies","status":"publish","type":"page","link":"https:\/\/www.cliccasu.it\/go\/cookies\/","title":{"rendered":"Cookies"},"content":{"rendered":"<h4>Normativa<\/h4>\n<p>Il parlamento Europeo ha emanato nel maggio 2011 una <strong>nuova legge sulla privacy<\/strong> che obbliga i siti internet a <strong>richiedere il permesso degli utenti ad utilizzare i cookies<\/strong> relativi ai servizi offerti. La <strong>EU Cookie Law<\/strong> (legge europea sui cookies) \u00e8 stata approvata anche in Italia entrando in vigore un anno dopo, il 1 giugno 2012 con <strong>decreto legislativo 69\/2012 e 70\/2012<\/strong>.<\/p>\n<p><strong>Uso dei cookie<\/strong><br \/>\niccercemaggioresepino.gov.it utilizza i <strong>Cookie<\/strong> per rendere i propri servizi semplici e efficienti per l\u2019utenza che visiona le pagine del sito della comunit\u00e0. Gli utenti che visionano il Sito, vedranno inserite delle <strong>quantit\u00e0 minime di informazioni<\/strong> nei dispositivi in uso, che siano computer e periferiche mobili, in piccoli file di testo denominati \u201ccookie\u201d salvati nelle directory utilizzate dal browser web dell\u2019Utente.<\/p>\n<p>Vi sono <strong>vari tipi di cookie<\/strong>, alcuni per rendere pi\u00f9 efficace l\u2019uso del sito, altri per abilitare determinate funzionalit\u00e0. Analizzandoli in maniera particolareggiata i nostri cookie permettono di:<\/p>\n<ul>\n<li>memorizzare le preferenze inserite<\/li>\n<li>evitare di reinserire le stesse informazioni pi\u00f9 volte durante la visita quali ad esempio nome utente e password<\/li>\n<li>analizzare l\u2019utilizzo dei servizi e dei contenuti forniti da iccercemaggioresepino.gov.it per ottimizzarne l\u2019esperienza di navigazione<\/li>\n<\/ul>\n<p><strong>Tipologie di Cookie utilizzati dal sito<\/strong><br \/>\nA seguire i vari tipi di cookie utilizzati dal sito iccercemaggioresepino.gov.it in funzione delle finalit\u00e0 d\u2019uso<\/p>\n<p><strong>Cookie Tecnici<\/strong><br \/>\nQuesta tipologia di cookie permette il <strong>corretto funzionamento di alcune sezioni del Sito<\/strong>. Sono di due categorie: persistenti e di sessione:<\/p>\n<ul>\n<li><strong>persistenti<\/strong>: una volta chiuso il browser non vengono distrutti ma rimangono fino ad una data di scadenza preimpostata<\/li>\n<li><strong>di sessioni<\/strong>: vengono distrutti ogni volta che il browser viene chiuso<\/li>\n<\/ul>\n<p>Questi cookie, inviati sempre dal nostro dominio, <strong>sono necessari a visualizzare correttamente il sito<\/strong> e in relazione ai servizi tecnici offerti, verranno quindi <strong>sempre utilizzati e inviati<\/strong>, a meno che l\u2019utenza non modifichi le impostazioni nel proprio browser (questa operazione potrebbe comportare delle problematiche di visualizzazione delle pagine del sito).<\/p>\n<p><strong>Cookie analitici<\/strong><br \/>\nI cookie in questa categoria vengono utilizzati per <strong>raccogliere informazioni sull\u2019uso del sito<\/strong>. Il sito user\u00e0 queste informazioni in merito ad <strong>analisi statistiche anonime<\/strong> al fine di migliorare l\u2019utilizzo del Sito. Questa tipologia di cookie raccoglie dati in <strong>forma anonima<\/strong> sull\u2019attivit\u00e0 dell\u2019utenza e su come \u00e8 arrivata sul Sito. I cookie analitici sono inviati dal Sito stesso o da domini di terze parti.<\/p>\n<p><strong>Cookie di analisi di servizi di terze parti<\/strong><br \/>\nQuesti cookie sono utilizzati al fine di raccogliere informazioni sull\u2019<strong>uso del Sito<\/strong> da parte degli utenti in <strong>forma anonima<\/strong> quali: pagine visitate, tempo di permanenza, origini del traffico di provenienza, provenienza geografica, et\u00e0, genere e interessi ai fini di campagne di marketing. Questi cookie sono inviati da domini di terze parti esterni al Sito.<\/p>\n<p><strong>Cookie per integrare prodotti e funzioni di software di terze parti<\/strong><br \/>\nQuesta tipologia di cookie <strong>integra funzionalit\u00e0 sviluppate da terzi<\/strong> all\u2019interno delle pagine del Sito come le icone e le preferenze espresse nei social network al fine di condivisione dei contenuti del sito o per l\u2019uso di servizi software di terze parti (come i software per generare le mappe e ulteriori software che offrono servizi aggiuntivi). Questi cookie sono inviati da <strong>domini di terze parti<\/strong> e da <strong>siti partner<\/strong> che offrono le loro funzionalit\u00e0 tra le pagine del Sito.<\/p>\n<p><strong>Cookie di profilazione<\/strong><br \/>\nSono quei cookie necessari a creare profili utenti al fine di inviare messaggi pubblicitari in linea con le preferenze manifestate dall\u2019utente all\u2019interno delle pagine del Sito<\/p>\n<ul>\n<li>iccercemaggioresepino.gov.it <strong>non utilizza cookie di profilazione<\/strong><\/li>\n<li>iccercemaggioresepino.gov.it, secondo la normativa vigente, non \u00e8 tenuto a chiedere consenso per i <strong>cookie tecnici<\/strong> e di <strong>analytics<\/strong>, in quanto necessari a fornire i servizi richiesti.<\/li>\n<\/ul>\n<p>Per tutte le altre tipologie di cookie il consenso pu\u00f2 essere espresso dall\u2019Utente con una o pi\u00f9 di una delle seguenti modalit\u00e0:<\/p>\n<ul>\n<li><strong>mediante specifiche configurazioni del browser<\/strong> utilizzato o dei relativi programmi informatici utilizzati per navigare le pagine che compongono il Sito<\/li>\n<li><strong>mediante modifica delle impostazioni<\/strong> nell\u2019uso dei servizi di terze parti<\/li>\n<\/ul>\n<p>Entrambe queste soluzioni potrebbero impedire all\u2019utente di utilizzare o visualizzare parti del Sito.<\/p>\n<p><strong>Siti Web e servizi di terze parti<\/strong><br \/>\nIl Sito potrebbe contenere collegamenti ad altri siti Web che dispongono di una propria informativa sulla privacy che pu\u00f2 essere diverse da quella adottata e che quindi <strong>non risponde<\/strong> di questi siti.<\/p>\n<p><strong>Cookie installati dal sito<\/strong><br \/>\nA seguire la lista di cookie tecnici e di analytics utilizzati da questo Sito:<\/p>\n<ul>\n<li>__utma \u2013 persistente \u2013 tempo di visita dell\u2019utente \u2013 necessario al servizio di terze parti Google Webmaster e Analytics. Dura 2 anni<\/li>\n<li>__utmb \u2013 persistente \u2013 tasso di abbandono (valore approssimativo) dell\u2019utente \u2013 necessario al servizio di terze parti Google Analytics. Dura 30 minuti<\/li>\n<li>__utmz \u2013 persistente \u2013 provenienza dell\u2019utente \u2013 necessario al servizio di terze parti Google Analytics. Dura 6 mesi<\/li>\n<li>_dc \u2013 di sessione \u2013 utilizzato per limitare le richieste di remarketing (non presente ad ora su iccercemaggioresepino.gov.it) che sono state fatte necessario al servizio di terze parti di Google Analytics. Dura 10 minuti<\/li>\n<li>PHPSESSID \u2013 di sessione \u2013 necessario a WordPress per identificare la singola sessione di un utente.<\/li>\n<li>_ga \u2013 persistente \u2013 usato per distinguere gli utenti \u2013 necessario al servizio di terze parti Google Analytics. Dura 2 anni<\/li>\n<\/ul>\n<p>Per garantire una maggiore trasparenza e comodit\u00e0, si riportano qui di seguito gli indirizzi web delle diverse informative e delle modalit\u00e0 per la gestione dei cookie.<\/p>\n<p>Facebook informativa: <a href=\"https:\/\/www.facebook.com\/help\/cookies\/\" target=\"_blank\" rel=\"noopener noreferrer\">https:\/\/www.facebook.com\/help\/cookies\/<\/a><br \/>\nFacebook (configurazione): accedere al proprio account. Sezione privacy.<\/p>\n<p>Twitter informative: <a href=\"https:\/\/support.twitter.com\/articles\/20170514\" target=\"_blank\" rel=\"noopener noreferrer\">https:\/\/support.twitter.com\/articles\/20170514<\/a><br \/>\nTwitter (configurazione): <a href=\"https:\/\/twitter.com\/settings\/security\" target=\"_blank\" rel=\"noopener noreferrer\">https:\/\/twitter.com\/settings\/security<\/a><\/p>\n<p>Google+ informativa: <a href=\"http:\/\/www.google.it\/intl\/it\/policies\/technologies\/cookies\/\" target=\"_blank\" rel=\"noopener noreferrer\">http:\/\/www.google.it\/intl\/it\/policies\/technologies\/cookies\/<\/a><br \/>\nGoogle+ (configurazione): <a href=\"http:\/\/www.google.it\/intl\/it\/policies\/technologies\/managing\/\" target=\"_blank\" rel=\"noopener noreferrer\">http:\/\/www.google.it\/intl\/it\/policies\/technologies\/managing\/<\/a><\/p>\n<p>Includiamo anche taluni componenti da Google Analytics, un servizio di analisi del traffico web fornito da Google. Anche in questo caso si tratta di cookie di terze parti raccolti e gestiti in modo anonimo per monitorare e migliorare le prestazioni del sito ospite (performance cookie).<\/p>\n<p>Google Analytics pu\u00f2 raccogliere e analizzare in forma anonima le informazioni sui comportamenti di utilizzo. Tali informazioni vengono raccolte da Google Analytics, che le elabora allo scopo di redigere report sui siti web stessi. Questo sito non utilizza (e non consente a terzi di utilizzare) lo strumento di analisi di Google per monitorare o per raccogliere informazioni personali di identificazione. Google non associa l\u2019indirizzo IP a nessun altro dato posseduto da Google n\u00e9 cerca di collegare un indirizzo IP con l\u2019identit\u00e0 di un utente. Google pu\u00f2 anche comunicare queste informazioni a terzi ove ci\u00f2 sia imposto dalla legge o laddove tali terzi trattino le suddette informazioni per conto di Google.<\/p>\n<p>Per ulteriori informazioni, si rinvia al link di seguito indicato:<br \/>\n<a href=\"https:\/\/www.google.it\/policies\/privacy\/partners\/\" target=\"_blank\" rel=\"noopener noreferrer\">https:\/\/www.google.it\/policies\/privacy\/partners\/<\/a><\/p>\n<p>L\u2019utente pu\u00f2 disabilitare in modo selettivo l\u2019azione di Google Analytics installando sul proprio browser la componente di opt-out fornito da Google. Per disabilitare l\u2019azione di Google Analytics, si rinvia al link di seguito indicato:<br \/>\n<a href=\"https:\/\/tools.google.com\/dlpage\/gaoptout\" target=\"_blank\" rel=\"noopener noreferrer\">https:\/\/tools.google.com\/dlpage\/gaoptout<\/a><\/p>\n<p>Se hai domande o commenti concernenti la presente politica sui cookie, contattaci all\u2019indirizzo: cliccasu@hotmail.it<br \/>\nCome modificare le impostazioni sui cookie<\/p>\n<p>La maggior parte dei browser permette di cancellare i cookie dal disco fisso del computer, di bloccare l\u2019accettazione dei cookie o di ricevere un avviso prima che un cookie venga memorizzato.<\/p>\n<p><strong>Come modificare le impostazioni dei Browser<br \/>\n<\/strong>La maggior parte dei browser permette di cancellare i cookie dal disco fisso del computer, di bloccare l\u2019accettazione dei cookie o di ricevere un avviso prima che un cookie venga memorizzato.<\/p>\n<ul>\n<li><strong><a href=\"http:\/\/support.google.com\/chrome\/answer\/95647?hl=it\" target=\"_blank\" rel=\"noopener noreferrer\">Google Chrome<\/a><\/strong><\/li>\n<li><strong><a href=\"https:\/\/support.mozilla.org\/it\/kb\/Attivare%20e%20disattivare%20i%20cookie\" target=\"_blank\" rel=\"noopener noreferrer\">Mozilla Firefox<\/a><\/strong><\/li>\n<li><strong><a href=\"http:\/\/support.microsoft.com\/kb\/196955\" target=\"_blank\" rel=\"noopener noreferrer\">Internet Explorer<\/a><\/strong><\/li>\n<li><strong><a href=\"http:\/\/support.apple.com\/kb\/PH5042\" target=\"_blank\" rel=\"noopener noreferrer\">Safari<\/a><\/strong><\/li>\n<\/ul>\n<p>Garante della Privacy sui Cookie:<\/p>\n<ul>\n<li><strong><a href=\"http:\/\/www.garanteprivacy.it\/web\/guest\/home\/docweb\/-\/docweb-display\/docweb\/3118884\" target=\"_blank\" rel=\"noopener noreferrer\">Informativa e consenso per l\u2019uso dei cookie<\/a><\/strong><\/li>\n<li><strong><a href=\"http:\/\/www.garanteprivacy.it\/web\/guest\/home\/docweb\/-\/docweb-display\/docweb\/2142939\" target=\"_blank\" rel=\"noopener noreferrer\">Faq in materia di cookie<\/a><\/strong><\/li>\n<\/ul>\n","protected":false},"excerpt":{"rendered":"<p>Normativa Il parlamento Europeo ha emanato nel maggio 2011 una nuova legge sulla privacy che obbliga i siti internet a richiedere il permesso degli utenti ad utilizzare i cookies relativi ai servizi offerti. La&#46;&#46;&#46;<\/p>\n","protected":false},"author":1,"featured_media":0,"parent":0,"menu_order":0,"comment_status":"closed","ping_status":"closed","template":"","meta":{"footnotes":""},"class_list":["post-17","page","type-page","status-publish","hentry"],"_links":{"self":[{"href":"https:\/\/www.cliccasu.it\/go\/wp-json\/wp\/v2\/pages\/17","targetHints":{"allow":["GET"]}}],"collection":[{"href":"https:\/\/www.cliccasu.it\/go\/wp-json\/wp\/v2\/pages"}],"about":[{"href":"https:\/\/www.cliccasu.it\/go\/wp-json\/wp\/v2\/types\/page"}],"author":[{"embeddable":true,"href":"https:\/\/www.cliccasu.it\/go\/wp-json\/wp\/v2\/users\/1"}],"replies":[{"embeddable":true,"href":"https:\/\/www.cliccasu.it\/go\/wp-json\/wp\/v2\/comments?post=17"}],"version-history":[{"count":4,"href":"https:\/\/www.cliccasu.it\/go\/wp-json\/wp\/v2\/pages\/17\/revisions"}],"predecessor-version":[{"id":226,"href":"https:\/\/www.cliccasu.it\/go\/wp-json\/wp\/v2\/pages\/17\/revisions\/226"}],"wp:attachment":[{"href":"https:\/\/www.cliccasu.it\/go\/wp-json\/wp\/v2\/media?parent=17"}],"curies":[{"name":"wp","href":"https:\/\/api.w.org\/{rel}","templated":true}]}}